{"id":18,"date":"2025-11-17T12:30:28","date_gmt":"2025-11-17T12:30:28","guid":{"rendered":"https:\/\/iunlockphone.com\/?page_id=18"},"modified":"2025-11-17T12:30:30","modified_gmt":"2025-11-17T12:30:30","slug":"privacy-policy","status":"publish","type":"page","link":"https:\/\/iunlockphone.com\/en\/privacy-policy\/","title":{"rendered":"Privacy Policy"},"content":{"rendered":"<h1 class=\"wp-block-heading\" id=\"h-politica-de-privacidad\"><strong>POL\u00cdTICA DE PRIVACIDAD<\/strong><\/h1>\n\n\n\n<p><strong>\u00daltima actualizaci\u00f3n:<\/strong><br>18 de octubre de 2025<\/p>\n\n\n\n<p><strong>IUNLOCKPHONE SOLUTIONS LLC<\/strong><br>2489 Maple Grove Ln Austin, TX 78745 USA<br>EIN: 30-6685202<\/p>\n\n\n\n<hr class=\"wp-block-separator has-alpha-channel-opacity\"\/>\n\n\n\n<h2 class=\"wp-block-heading\" id=\"h-introduccion\"><strong>INTRODUCCI\u00d3N<\/strong><\/h2>\n\n\n\n<p><strong><a href=\"https:\/\/iunlockphone.com\/en\/\">https:\/\/www.iunlockphone.com<\/a><\/strong> se rige de acuerdo a la Ley de Protecci\u00f3n de Datos de 1998 y cumple con el Reglamento General de Protecci\u00f3n de Datos (RGPD) y las leyes federales de privacidad de Estados Unidos. En ninguno de los casos tomaremos informaci\u00f3n personal susceptible de ser mal usada y sin su consentimiento.<\/p>\n\n\n\n<p>Cualquiera de las informaciones personales que podamos tener estar\u00e1 segura y de acuerdo con la Ley de Protecci\u00f3n de Datos de 1998, el RGPD y las regulaciones aplicables en el Estado de Texas y a nivel federal.<\/p>\n\n\n\n<p><strong>IUNLOCKPHONE SOLUTIONS LLC<\/strong> (en adelante \u00abiUnlockPhone\u00bb, \u00abnosotros\u00bb, \u00abnuestro\u00bb) utilizar\u00e1 la informaci\u00f3n enviada para enviarle facturas y notificaciones y para recibir el pago. Los datos personales solo se conservar\u00e1n con el fin de procesar su pedido y nunca se transmitir\u00e1n a un tercero sin su consentimiento.<\/p>\n\n\n\n<hr class=\"wp-block-separator has-alpha-channel-opacity\"\/>\n\n\n\n<h2 class=\"wp-block-heading\" id=\"h-almacenamiento-de-informacion-de-pago\"><strong>ALMACENAMIENTO DE INFORMACI\u00d3N DE PAGO<\/strong><\/h2>\n\n\n\n<p><strong><a>www.iunlockphone.com<\/a><\/strong> no utiliza pasarelas de pago.<\/p>\n\n\n\n<hr class=\"wp-block-separator has-alpha-channel-opacity\"\/>\n\n\n\n<h2 class=\"wp-block-heading\" id=\"h-proposito-de-esta-politica\"><strong>PROP\u00d3SITO DE ESTA POL\u00cdTICA<\/strong><\/h2>\n\n\n\n<p>Esta pol\u00edtica de privacidad ha sido compilada y ratificada para servir en excelencia de acuerdo a aquellos que est\u00e1n preocupados por c\u00f3mo su Informaci\u00f3n de Identificaci\u00f3n Personal (PII) se utiliza en l\u00ednea.<br>La PII, como se usa en la ley de privacidad y seguridad de la informaci\u00f3n de EE. UU., es informaci\u00f3n que se puede usar sola o con otra informaci\u00f3n para identificar, contactar o localizar a una sola persona, o para identificar a una persona en contexto.<\/p>\n\n\n\n<p>Lea atentamente nuestra pol\u00edtica de privacidad para comprender claramente c\u00f3mo recopilamos, usamos, protegemos o manejamos su informaci\u00f3n de identificaci\u00f3n personal de acuerdo con nuestro sitio web.<\/p>\n\n\n\n<hr class=\"wp-block-separator has-alpha-channel-opacity\"\/>\n\n\n\n<h2 class=\"wp-block-heading\" id=\"h-que-informacion-personal-recopilamos\"><strong>\u00bfQU\u00c9 INFORMACI\u00d3N PERSONAL RECOPILAMOS?<\/strong><\/h2>\n\n\n\n<p>Al realizar un pedido o registrarse en nuestro sitio, seg\u00fan corresponda, se le puede solicitar que ingrese:<\/p>\n\n\n\n<ul class=\"wp-block-list\">\n<li>Su direcci\u00f3n de correo electr\u00f3nico<\/li>\n\n\n\n<li>Numero de tel\u00e9fono<\/li>\n\n\n\n<li>N\u00famero IMEI de su dispositivo Apple<\/li>\n\n\n\n<li>Modelo de dispositivo Apple<\/li>\n\n\n\n<li>Otros detalles t\u00e9cnicos necesarios<\/li>\n<\/ul>\n\n\n\n<p>Esta informaci\u00f3n nos ayuda a realizar la comprobaci\u00f3n de si su dispositivo Apple es cumple con las caracter\u00edsticas para ofrecerle servicio y para notificarle \u00fanicamente por correo electr\u00f3nico sobre:<\/p>\n\n\n\n<ul class=\"wp-block-list\">\n<li>El proceso de comprobaci\u00f3n<\/li>\n\n\n\n<li>El precio o costo del servicio sin compromiso<\/li>\n\n\n\n<li>Mantenerle informado para que su experiencia con nosotros sea sumamente satisfactoria<\/li>\n<\/ul>\n\n\n\n<hr class=\"wp-block-separator has-alpha-channel-opacity\"\/>\n\n\n\n<h2 class=\"wp-block-heading\" id=\"h-cuando-recopilamos-informacion\"><strong>\u00bfCU\u00c1NDO RECOPILAMOS INFORMACI\u00d3N?<\/strong><\/h2>\n\n\n\n<p>Recopilamos informaci\u00f3n sobre usted cuando:<\/p>\n\n\n\n<ul class=\"wp-block-list\">\n<li>Realiza un pedido en nuestro sitio web<\/li>\n\n\n\n<li>Ingresa informaci\u00f3n en nuestro sitio<\/li>\n\n\n\n<li>Se suscribe a nuestro bolet\u00edn informativo (opcional)<\/li>\n\n\n\n<li>Completa formularios de contacto o soporte<\/li>\n<\/ul>\n\n\n\n<hr class=\"wp-block-separator has-alpha-channel-opacity\"\/>\n\n\n\n<h2 class=\"wp-block-heading\" id=\"h-como-usamos-su-informacion\"><strong>\u00bfC\u00d3MO USAMOS SU INFORMACI\u00d3N?<\/strong><\/h2>\n\n\n\n<p>Podemos utilizar la informaci\u00f3n que recopilamos cuando se registra, realiza una compra, responde encuestas o utiliza las funciones del sitio, de las siguientes maneras:<\/p>\n\n\n\n<ul class=\"wp-block-list\">\n<li>Personalizar la experiencia del usuario<\/li>\n\n\n\n<li>Mejorar nuestro sitio web<\/li>\n\n\n\n<li>Responder a solicitudes de servicio al cliente<\/li>\n\n\n\n<li>Procesar r\u00e1pidamente sus transacciones<\/li>\n\n\n\n<li>Verificar la viabilidad del servicio de desbloqueo Apple<\/li>\n\n\n\n<li>Enviar comunicaciones de seguimiento durante el proceso de verificaci\u00f3n<\/li>\n<\/ul>\n\n\n\n<hr class=\"wp-block-separator has-alpha-channel-opacity\"\/>\n\n\n\n<h2 class=\"wp-block-heading\" id=\"h-como-protegemos-la-informacion-del-visitante\"><strong>\u00bfC\u00d3MO PROTEGEMOS LA INFORMACI\u00d3N DEL VISITANTE?<\/strong><\/h2>\n\n\n\n<p><strong>IUNLOCKPHONE SOLUTIONS LLC<\/strong> implementa m\u00faltiples medidas de seguridad:<\/p>\n\n\n\n<ul class=\"wp-block-list\">\n<li>No utilizamos el escaneo de vulnerabilidades y\/o escaneo seg\u00fan los est\u00e1ndares PCI<\/li>\n\n\n\n<li>Nunca pedimos n\u00fameros de tarjetas de cr\u00e9dito directamente<\/li>\n\n\n\n<li>Usamos escaneo de malware regular<\/li>\n\n\n\n<li>Su informaci\u00f3n personal est\u00e1 contenida detr\u00e1s de redes seguras<\/li>\n\n\n\n<li>Solo accesible por personal autorizado<\/li>\n\n\n\n<li>Toda informaci\u00f3n confidencial se cifra mediante SSL<\/li>\n<\/ul>\n\n\n\n<p>Implementamos medidas adicionales cuando un usuario:<\/p>\n\n\n\n<ul class=\"wp-block-list\">\n<li>Env\u00eda a su informaci\u00f3n<\/li>\n<\/ul>\n\n\n\n<hr class=\"wp-block-separator has-alpha-channel-opacity\"\/>\n\n\n\n<h2 class=\"wp-block-heading\" id=\"h-usamos-cookies\"><strong>\u00bfUSAMOS COOKIES?<\/strong><\/h2>\n\n\n\n<p>S\u00ed.<br>Las cookies permiten reconocer su navegador y recordar informaci\u00f3n necesaria para mejorar la experiencia del usuario.<\/p>\n\n\n\n<p>Se usan para:<\/p>\n\n\n\n<ul class=\"wp-block-list\">\n<li>Guardar preferencias<\/li>\n\n\n\n<li>Recopilar datos sobre la interacci\u00f3n del sitio<\/li>\n<\/ul>\n\n\n\n<p>Puede desactivarlas desde su navegador, pero algunas funciones pueden dejar de operar correctamente.<\/p>\n\n\n\n<hr class=\"wp-block-separator has-alpha-channel-opacity\"\/>\n\n\n\n<h2 class=\"wp-block-heading\" id=\"h-divulgacion-de-terceros\"><strong>DIVULGACI\u00d3N DE TERCEROS<\/strong><\/h2>\n\n\n\n<p>No vendemos, intercambiamos ni transferimos su informaci\u00f3n personal.<br><strong>IUNLOCKPHONE SOLUTIONS LLC<\/strong> solo compartir\u00e1 datos cuando sea estrictamente necesario para:<\/p>\n\n\n\n<ul class=\"wp-block-list\">\n<li>Cumplimiento legal<\/li>\n\n\n\n<li>Protecci\u00f3n de derechos legales<\/li>\n<\/ul>\n\n\n\n<hr class=\"wp-block-separator has-alpha-channel-opacity\"\/>\n\n\n\n<h2 class=\"wp-block-heading\" id=\"h-enlaces-de-terceros\"><strong>ENLACES DE TERCEROS<\/strong><\/h2>\n\n\n\n<p>No ofrecemos servicios o productos de terceros.<\/p>\n\n\n\n<hr class=\"wp-block-separator has-alpha-channel-opacity\"\/>\n\n\n\n<h2 class=\"wp-block-heading\" id=\"h-publicidad-de-google\"><strong>PUBLICIDAD DE GOOGLE<\/strong><\/h2>\n\n\n\n<p>No tenemos publicidad en nuestro sitio web.<\/p>\n\n\n\n<hr class=\"wp-block-separator has-alpha-channel-opacity\"\/>\n\n\n\n<h2 class=\"wp-block-heading\" id=\"h-seguimiento-de-terceros\"><strong>SEGUIMIENTO DE TERCEROS<\/strong><\/h2>\n\n\n\n<p>No permitimos el seguimiento de comportamiento por terceros.<\/p>\n\n\n\n<hr class=\"wp-block-separator has-alpha-channel-opacity\"\/>\n\n\n\n<h2 class=\"wp-block-heading\" id=\"h-coppa\"><strong>COPPA<\/strong><\/h2>\n\n\n\n<p>No recopilamos informaci\u00f3n de menores de 13 a\u00f1os.<br>Nuestros servicios est\u00e1n dirigidos a mayores de 18 a\u00f1os.<\/p>\n\n\n\n<hr class=\"wp-block-separator has-alpha-channel-opacity\"\/>\n\n\n\n<h2 class=\"wp-block-heading\" id=\"h-practicas-justas-de-informacion\"><strong>PR\u00c1CTICAS JUSTAS DE INFORMACI\u00d3N<\/strong><\/h2>\n\n\n\n<p>En caso de violaci\u00f3n de datos:<\/p>\n\n\n\n<ul class=\"wp-block-list\">\n<li>Notificaremos por email dentro de 7 d\u00edas h\u00e1biles<\/li>\n<\/ul>\n\n\n\n<hr class=\"wp-block-separator has-alpha-channel-opacity\"\/>\n\n\n\n<h2 class=\"wp-block-heading\" id=\"h-ley-can-spam\"><strong>LEY CAN-SPAM<\/strong><\/h2>\n\n\n\n<p>Recopilamos su email para:<\/p>\n\n\n\n<ul class=\"wp-block-list\">\n<li>Responder consultas<\/li>\n\n\n\n<li>Procesar pedidos<\/li>\n\n\n\n<li>Enviar informaci\u00f3n relacionada<\/li>\n<\/ul>\n\n\n\n<p>Para cumplir con CAN-SPAM:<\/p>\n\n\n\n<ul class=\"wp-block-list\">\n<li>No enviamos correos sin consentimiento<\/li>\n\n\n\n<li>Incluimos nuestra direcci\u00f3n f\u00edsica:<br><strong>2489 Maple Grove Ln Austin, TX 78745 USA<\/strong><\/li>\n\n\n\n<li>Respetamos solicitudes de baja<\/li>\n<\/ul>\n\n\n\n<p>Para cancelar la suscripci\u00f3n:<br><strong><a>info@iunlockphone.com<\/a><\/strong><\/p>\n\n\n\n<hr class=\"wp-block-separator has-alpha-channel-opacity\"\/>\n\n\n\n<h2 class=\"wp-block-heading\" id=\"h-informacion-de-contacto\"><strong>INFORMACI\u00d3N DE CONTACTO<\/strong><\/h2>\n\n\n\n<p>Para preguntas o solicitudes relacionadas con privacidad:<\/p>\n\n\n\n<p><strong>IUNLOCKPHONE SOLUTIONS LLC<\/strong><br>2489 Maple Grove Ln Austin, TX 78745 USA<br>EIN: 30-6685202<\/p>\n\n\n\n<p><strong>Email de Privacidad:<\/strong><br><a>info@iunlockphone.com<\/a><\/p>\n\n\n\n<p><strong>Email de Soporte:<\/strong><br><a>info@iunlockphone.com<\/a><\/p>\n\n\n\n<p>Esta Pol\u00edtica de Privacidad fue actualizada por \u00faltima vez el 18 de octubre de 2025 y se aplica a todos los servicios prestados a trav\u00e9s de<br><strong><a>www.iunlockphone.com<\/a><\/strong><br>por <strong>IUNLOCKPHONE SOLUTIONS LLC<\/strong>.<\/p>\n\n\n\n<p><\/p>","protected":false},"excerpt":{"rendered":"<p>POL\u00cdTICA DE PRIVACIDAD \u00daltima actualizaci\u00f3n:18 de octubre de 2025 IUNLOCKPHONE SOLUTIONS LLC2489 Maple Grove Ln Austin, TX 78745 USAEIN: 30-6685202 [&hellip;]<\/p>","protected":false},"author":1,"featured_media":0,"parent":0,"menu_order":0,"comment_status":"closed","ping_status":"closed","template":"","meta":{"site-sidebar-layout":"default","site-content-layout":"","ast-site-content-layout":"default","site-content-style":"default","site-sidebar-style":"default","ast-global-header-display":"","ast-banner-title-visibility":"","ast-main-header-display":"","ast-hfb-above-header-display":"","ast-hfb-below-header-display":"","ast-hfb-mobile-header-display":"","site-post-title":"","ast-breadcrumbs-content":"","ast-featured-img":"","footer-sml-layout":"","ast-disable-related-posts":"","theme-transparent-header-meta":"","adv-header-id-meta":"","stick-header-meta":"","header-above-stick-meta":"","header-main-stick-meta":"","header-below-stick-meta":"","astra-migrate-meta-layouts":"default","ast-page-background-enabled":"default","ast-page-background-meta":{"desktop":{"background-color":"var(--ast-global-color-4)","background-image":"","background-repeat":"repeat","background-position":"center center","background-size":"auto","background-attachment":"scroll","background-type":"","background-media":"","overlay-type":"","overlay-color":"","overlay-opacity":"","overlay-gradient":""},"tablet":{"background-color":"","background-image":"","background-repeat":"repeat","background-position":"center center","background-size":"auto","background-attachment":"scroll","background-type":"","background-media":"","overlay-type":"","overlay-color":"","overlay-opacity":"","overlay-gradient":""},"mobile":{"background-color":"","background-image":"","background-repeat":"repeat","background-position":"center center","background-size":"auto","background-attachment":"scroll","background-type":"","background-media":"","overlay-type":"","overlay-color":"","overlay-opacity":"","overlay-gradient":""}},"ast-content-background-meta":{"desktop":{"background-color":"var(--ast-global-color-5)","background-image":"","background-repeat":"repeat","background-position":"center center","background-size":"auto","background-attachment":"scroll","background-type":"","background-media":"","overlay-type":"","overlay-color":"","overlay-opacity":"","overlay-gradient":""},"tablet":{"background-color":"var(--ast-global-color-5)","background-image":"","background-repeat":"repeat","background-position":"center center","background-size":"auto","background-attachment":"scroll","background-type":"","background-media":"","overlay-type":"","overlay-color":"","overlay-opacity":"","overlay-gradient":""},"mobile":{"background-color":"var(--ast-global-color-5)","background-image":"","background-repeat":"repeat","background-position":"center center","background-size":"auto","background-attachment":"scroll","background-type":"","background-media":"","overlay-type":"","overlay-color":"","overlay-opacity":"","overlay-gradient":""}},"footnotes":""},"class_list":["post-18","page","type-page","status-publish","hentry"],"yoast_head":"<!-- This site is optimized with the Yoast SEO Premium plugin v26.3 (Yoast SEO v26.5) - https:\/\/yoast.com\/wordpress\/plugins\/seo\/ -->\n<title>Privacy Policy - iUnlockPhone.com | Expertos en iCloud<\/title>\n<meta name=\"robots\" content=\"index, follow, max-snippet:-1, max-image-preview:large, max-video-preview:-1\" \/>\n<link rel=\"canonical\" href=\"https:\/\/iunlockphone.com\/en\/privacy-policy\/\" \/>\n<meta property=\"og:locale\" content=\"en_US\" \/>\n<meta property=\"og:type\" content=\"article\" \/>\n<meta property=\"og:title\" content=\"Privacy Policy\" \/>\n<meta property=\"og:description\" content=\"POL\u00cdTICA DE PRIVACIDAD \u00daltima actualizaci\u00f3n:18 de octubre de 2025 IUNLOCKPHONE SOLUTIONS LLC2489 Maple Grove Ln Austin, TX 78745 USAEIN: 30-6685202 [&hellip;]\" \/>\n<meta property=\"og:url\" content=\"https:\/\/iunlockphone.com\/en\/privacy-policy\/\" \/>\n<meta property=\"og:site_name\" content=\"iUnlockPhone.com | Expertos en iCloud\" \/>\n<meta property=\"article:modified_time\" content=\"2025-11-17T12:30:30+00:00\" \/>\n<meta name=\"twitter:card\" content=\"summary_large_image\" \/>\n<meta name=\"twitter:label1\" content=\"Est. reading time\" \/>\n\t<meta name=\"twitter:data1\" content=\"4 minutes\" \/>\n<script type=\"application\/ld+json\" class=\"yoast-schema-graph\">{\"@context\":\"https:\/\/schema.org\",\"@graph\":[{\"@type\":\"WebPage\",\"@id\":\"https:\/\/iunlockphone.com\/privacy-policy\/\",\"url\":\"https:\/\/iunlockphone.com\/privacy-policy\/\",\"name\":\"Privacy Policy - iUnlockPhone.com | Expertos en iCloud\",\"isPartOf\":{\"@id\":\"https:\/\/iunlockphone.com\/#website\"},\"datePublished\":\"2025-11-17T12:30:28+00:00\",\"dateModified\":\"2025-11-17T12:30:30+00:00\",\"breadcrumb\":{\"@id\":\"https:\/\/iunlockphone.com\/privacy-policy\/#breadcrumb\"},\"inLanguage\":\"en-US\",\"potentialAction\":[{\"@type\":\"ReadAction\",\"target\":[\"https:\/\/iunlockphone.com\/privacy-policy\/\"]}]},{\"@type\":\"BreadcrumbList\",\"@id\":\"https:\/\/iunlockphone.com\/privacy-policy\/#breadcrumb\",\"itemListElement\":[{\"@type\":\"ListItem\",\"position\":1,\"name\":\"Home\",\"item\":\"https:\/\/iunlockphone.com\/en\/\"},{\"@type\":\"ListItem\",\"position\":2,\"name\":\"Privacy Policy\"}]},{\"@type\":\"WebSite\",\"@id\":\"https:\/\/iunlockphone.com\/#website\",\"url\":\"https:\/\/iunlockphone.com\/\",\"name\":\"iUnlockPhone.com | Expertos en iCloud\",\"description\":\"\",\"publisher\":{\"@id\":\"https:\/\/iunlockphone.com\/#organization\"},\"potentialAction\":[{\"@type\":\"SearchAction\",\"target\":{\"@type\":\"EntryPoint\",\"urlTemplate\":\"https:\/\/iunlockphone.com\/?s={search_term_string}\"},\"query-input\":{\"@type\":\"PropertyValueSpecification\",\"valueRequired\":true,\"valueName\":\"search_term_string\"}}],\"inLanguage\":\"en-US\"},{\"@type\":\"Organization\",\"@id\":\"https:\/\/iunlockphone.com\/#organization\",\"name\":\"iUnlockPhone.com | Expertos en iCloud\",\"url\":\"https:\/\/iunlockphone.com\/\",\"logo\":{\"@type\":\"ImageObject\",\"inLanguage\":\"en-US\",\"@id\":\"https:\/\/iunlockphone.com\/#\/schema\/logo\/image\/\",\"url\":\"https:\/\/iunlockphone.com\/wp-content\/uploads\/2025\/11\/logo.webp\",\"contentUrl\":\"https:\/\/iunlockphone.com\/wp-content\/uploads\/2025\/11\/logo.webp\",\"width\":1037,\"height\":296,\"caption\":\"iUnlockPhone.com | Expertos en iCloud\"},\"image\":{\"@id\":\"https:\/\/iunlockphone.com\/#\/schema\/logo\/image\/\"}}]}<\/script>\n<!-- \/ Yoast SEO Premium plugin. -->","yoast_head_json":{"title":"Privacy Policy - iUnlockPhone.com | Expertos en iCloud","robots":{"index":"index","follow":"follow","max-snippet":"max-snippet:-1","max-image-preview":"max-image-preview:large","max-video-preview":"max-video-preview:-1"},"canonical":"https:\/\/iunlockphone.com\/en\/privacy-policy\/","og_locale":"en_US","og_type":"article","og_title":"Privacy Policy","og_description":"POL\u00cdTICA DE PRIVACIDAD \u00daltima actualizaci\u00f3n:18 de octubre de 2025 IUNLOCKPHONE SOLUTIONS LLC2489 Maple Grove Ln Austin, TX 78745 USAEIN: 30-6685202 [&hellip;]","og_url":"https:\/\/iunlockphone.com\/en\/privacy-policy\/","og_site_name":"iUnlockPhone.com | Expertos en iCloud","article_modified_time":"2025-11-17T12:30:30+00:00","twitter_card":"summary_large_image","twitter_misc":{"Est. reading time":"4 minutes"},"schema":{"@context":"https:\/\/schema.org","@graph":[{"@type":"WebPage","@id":"https:\/\/iunlockphone.com\/privacy-policy\/","url":"https:\/\/iunlockphone.com\/privacy-policy\/","name":"Privacy Policy - iUnlockPhone.com | Expertos en iCloud","isPartOf":{"@id":"https:\/\/iunlockphone.com\/#website"},"datePublished":"2025-11-17T12:30:28+00:00","dateModified":"2025-11-17T12:30:30+00:00","breadcrumb":{"@id":"https:\/\/iunlockphone.com\/privacy-policy\/#breadcrumb"},"inLanguage":"en-US","potentialAction":[{"@type":"ReadAction","target":["https:\/\/iunlockphone.com\/privacy-policy\/"]}]},{"@type":"BreadcrumbList","@id":"https:\/\/iunlockphone.com\/privacy-policy\/#breadcrumb","itemListElement":[{"@type":"ListItem","position":1,"name":"Home","item":"https:\/\/iunlockphone.com\/en\/"},{"@type":"ListItem","position":2,"name":"Privacy Policy"}]},{"@type":"WebSite","@id":"https:\/\/iunlockphone.com\/#website","url":"https:\/\/iunlockphone.com\/","name":"iUnlockPhone.com | iCloud Experts","description":"","publisher":{"@id":"https:\/\/iunlockphone.com\/#organization"},"potentialAction":[{"@type":"SearchAction","target":{"@type":"EntryPoint","urlTemplate":"https:\/\/iunlockphone.com\/?s={search_term_string}"},"query-input":{"@type":"PropertyValueSpecification","valueRequired":true,"valueName":"search_term_string"}}],"inLanguage":"en-US"},{"@type":"Organization","@id":"https:\/\/iunlockphone.com\/#organization","name":"iUnlockPhone.com | iCloud Experts","url":"https:\/\/iunlockphone.com\/","logo":{"@type":"ImageObject","inLanguage":"en-US","@id":"https:\/\/iunlockphone.com\/#\/schema\/logo\/image\/","url":"https:\/\/iunlockphone.com\/wp-content\/uploads\/2025\/11\/logo.webp","contentUrl":"https:\/\/iunlockphone.com\/wp-content\/uploads\/2025\/11\/logo.webp","width":1037,"height":296,"caption":"iUnlockPhone.com | Expertos en iCloud"},"image":{"@id":"https:\/\/iunlockphone.com\/#\/schema\/logo\/image\/"}}]}},"_links":{"self":[{"href":"https:\/\/iunlockphone.com\/en\/wp-json\/wp\/v2\/pages\/18","targetHints":{"allow":["GET"]}}],"collection":[{"href":"https:\/\/iunlockphone.com\/en\/wp-json\/wp\/v2\/pages"}],"about":[{"href":"https:\/\/iunlockphone.com\/en\/wp-json\/wp\/v2\/types\/page"}],"author":[{"embeddable":true,"href":"https:\/\/iunlockphone.com\/en\/wp-json\/wp\/v2\/users\/1"}],"replies":[{"embeddable":true,"href":"https:\/\/iunlockphone.com\/en\/wp-json\/wp\/v2\/comments?post=18"}],"version-history":[{"count":1,"href":"https:\/\/iunlockphone.com\/en\/wp-json\/wp\/v2\/pages\/18\/revisions"}],"predecessor-version":[{"id":19,"href":"https:\/\/iunlockphone.com\/en\/wp-json\/wp\/v2\/pages\/18\/revisions\/19"}],"wp:attachment":[{"href":"https:\/\/iunlockphone.com\/en\/wp-json\/wp\/v2\/media?parent=18"}],"curies":[{"name":"wp","href":"https:\/\/api.w.org\/{rel}","templated":true}]}}